{"id":3039,"date":"2024-03-02T14:22:18","date_gmt":"2024-03-02T13:22:18","guid":{"rendered":"https:\/\/broederupkarate.dk\/?page_id=3039"},"modified":"2024-03-02T14:22:18","modified_gmt":"2024-03-02T13:22:18","slug":"vedtaegter","status":"publish","type":"page","link":"http:\/\/broederupkarate.dk\/index.php\/vedtaegter\/","title":{"rendered":"Vedt\u00e6gter"},"content":{"rendered":"<div class=\"wpb-content-wrapper\"><p>[vc_row][vc_column icons_position=&#8221;left&#8221;][vc_column_text]<\/p>\n<h3><b>Vedt\u00e6gter for Br\u00f8derup Karate Klub<\/b><\/h3>\n<p><b>\u00a7 1 Foreningens navn og hjemsted<\/b><\/p>\n<p><i>Stk. 1.\u00a0 <\/i>Foreningens navn er Br\u00f8derup Karate Klub.<\/p>\n<p><i>Stk. 2.<\/i>\u00a0 Foreningens hjemsted er N\u00e6stved Kommune.<\/p>\n<p><b>\u00a7 2 Form\u00e5l<\/b><\/p>\n<p><i>Stk. 1.\u00a0 <\/i>Foreningens form\u00e5l er at undervise b\u00f8rn og voksne i Okinawa Jundokan Goju Ryu Karate, og dermed skabe et nyt samlingspunkt i Br\u00f8derup. Klubben l\u00e6gger i undervisningen stor v\u00e6gt p\u00e5 at tr\u00e6ne med respekt for hinandens forskelligheder. Undervisning i selvforsvar og kampsportsteknikker, vil v\u00e6re med til at give b\u00f8rn og unge en god ballast i hverdagens udfordringer, b\u00e5de p\u00e5 deres uddannelse i form af bedre koncentration og respekt for medmennesker, men ogs\u00e5 i form at tryghed og selvsikkerhed for egen form\u00e5en, n\u00e5r de f\u00e6rdes p\u00e5 egen h\u00e5nd i nattelivet.<\/p>\n<p><b>\u00a7 3 Medlemskreds<\/b><\/p>\n<p><i>Stk. 1.<\/i>\u00a0 Som medlemmer optages enhver, som har lyst og vilje til at arbejde for foreningens form\u00e5l. Dog er minimumsalder ved optagelse 6 \u00e5r.<\/p>\n<p><i>Stk. 2.<\/i>\u00a0 Indmeldelse sker p\u00e5 foreningens indmeldelsesblanket ved henvendelse til foreningens formand eller kasserer. Medlemskabet er f\u00f8rst gyldigt, n\u00e5r medlemmet har betalt kontingent for det f\u00f8rste halv\u00e5r.<\/p>\n<p><i>Stk. 3.<\/i>\u00a0 Udmeldelse kan ske ved henvendelse til et bestyrelsesmedlem med virkning fra udgangen af en kontingentperiode.<\/p>\n<p><i>Stk. 4<\/i>.\u00a0 \u00a0Medlemmerne betaler et af generalforsamlingen fastsat kontingent. Bestyrelsen beslutter hvorn\u00e5r og hvordan kontingentet opkr\u00e6ves.<\/p>\n<p>Stk. 5.\u00a0 \u00a0 Tr\u00e6nere i klubben og dennes familie er kontingentfritaget. Ligeledes stilles der tr\u00e6ningsuniform \u201cGi\u201d til r\u00e5dighed til tr\u00e6nerne. Tr\u00e6nere i klubben f\u00e5r d\u00e6kket deres udgift til\u00a0graduering, lejr samt kursusudgifter. Som tr\u00e6ner menes, sortb\u00e6lte indehavere, der har undervist p\u00e5\u00a0fast hold i klubben i minimum 6 m\u00e5neder.<\/p>\n<p>Stk. 6. Bestyrelsen kan ekskludere et medlem, n\u00e5r s\u00e6rlige forhold giver anledning hertil.<br \/>\nf.eks. D\u00e5rlig opf\u00f8rsel, der strider mod foreningens anseelse, omd\u00f8mme og \u00e5nd.<br \/>\nMisbrug af karate i og uden for klubben. Indtagelse af forbudte stoffer. Uren straffeattest samt vold.<\/p>\n<p>Stk. 7. I sagen om eksklusion, har medlemmet krav p\u00e5 at sagen afg\u00f8res p\u00e5 f\u00f8rst kommende<br \/>\ngeneralforsamling, og at sagen s\u00e6ttes p\u00e5 dagsordenen som et s\u00e6rligt punkt.<\/p>\n<p>Stk. 8. Cheftr\u00e6neren kan hvis han\/hun finder det n\u00f8dvendigt udelukke en elev fra tr\u00e6ning i en<br \/>\nn\u00e6rmere fastsat periode.<\/p>\n<p><b>\u00a7 4 Generalforsamlingen<\/b><\/p>\n<p><i>Stk. 1.\u00a0 <\/i>Generalforsamlingen er foreningens h\u00f8jeste myndighed.<\/p>\n<p><i>Stk. 2.\u00a0 <\/i>Ordin\u00e6r generalforsamling afholdes en gang \u00e5rligt inden udgangen af marts m\u00e5ned og indkaldes med mindst 3 ugers varsel med angivelse af dagsorden ved mail til medlemmerne. Indkaldelsen publiceres endvidere via foreningens hjemmeside samt offentligg\u00f8res ved opslag i klubben.<\/p>\n<p><i>Stk. 3<\/i>.\u00a0 M\u00f8de- og stemmeberettigede p\u00e5 generalforsamlingen er alle medlemmer, der senest ugedagen forinden har betalt forfaldent kontingent. Medlemmer under 16 \u00e5r kan overdrage stemmeret til v\u00e6rge eller for\u00e6ldre. Medlemmer p\u00e5 16 \u00e5r og herover kan ikke videregive fuldmagt.<\/p>\n<p><i>Stk. 4.<\/i>\u00a0 Dagsordenen for den ordin\u00e6re generalforsamling skal mindst indeholde f\u00f8lgende punkter:<\/p>\n<p>1 Valg af dirigent.<\/p>\n<p>2 Formandens beretning.<\/p>\n<p>3 Freml\u00e6ggelse af regnskab.<\/p>\n<p>4 Behandling af indkomne forslag.<\/p>\n<p>5 Fasts\u00e6ttelse af kontingent.<\/p>\n<p>6 Godkendelse af budget.<\/p>\n<p>7 Valg af formand.<\/p>\n<p>8 Valg af n\u00e6stformand.<\/p>\n<p>9 Valg af bestyrelsesmedlemmer og suppleant.<\/p>\n<p>10 Valg af revisor og en revisorsuppleant.<\/p>\n<p>11 Eventuelt.<\/p>\n<p><i>Stk. 5.<\/i>\u00a0 Forslag, der \u00f8nskes behandlet p\u00e5 generalforsamlingen, skal v\u00e6re bestyrelsen i h\u00e6nde senest 8 dage f\u00f8r generalforsamlingen. Forslag om vedt\u00e6gts\u00e6ndringer, der \u00f8nskes behandlet, skal v\u00e6re bestyrelsen i h\u00e6nde senest 3 m\u00e5neder forud for udgangen af den m\u00e5ned, hvor den ordin\u00e6re generalforsamling skal afholdes.<\/p>\n<p><i>Stk. 6.<\/i>\u00a0 Generalforsamlingen ledes af en dirigent, der ikke m\u00e5 v\u00e6re medlem af bestyrelsen.<\/p>\n<p><i>Stk. 7.<\/i>\u00a0 Generalforsamlingen tr\u00e6ffer sine beslutninger med simpelt flertal (en over halvdelen af de gyldigt afgivne stemmer) og ved h\u00e5ndsopr\u00e6kning. Skriftlig afstemning anvendes dog, n\u00e5r det beg\u00e6res af blot \u00e9n m\u00f8dedeltager. Ved personvalg, hvor der er foresl\u00e5et flere end det antal, der skal v\u00e6lges, foretages altid skriftlig afstemning. Ved s\u00e5danne personvalg anvendes reglen om simpelt flertal.<\/p>\n<p><i>Stk. 8. <\/i>For\u00e6ldre\/v\u00e6rge der stemmer p\u00e5 vegne af deres b\u00f8rn og som samtidig selv er medlem i klubben kan kun t\u00e6lle med 1 stemme.<\/p>\n<p><b>\u00a7 5 Ekstraordin\u00e6r generalforsamling<\/b><\/p>\n<p><i>Stk. 1.\u00a0 <\/i>Ekstraordin\u00e6r generalforsamling kan afholdes, n\u00e5r bestyrelsen finder det n\u00f8dvendigt, og skal afholdes, n\u00e5r mindst 1\/3 af medlemmerne frems\u00e6tter skriftligt begrundet anmodning om det over for formanden. I s\u00e5danne tilf\u00e6lde skal generalforsamlingen afholdes senest fire uger efter, at anmodningen er kommet til formandens kundskab.<\/p>\n<p><i>Stk. 2.\u00a0 <\/i>Indkaldelsesfristen for en ekstraordin\u00e6r generalforsamling er 2 uger.<\/p>\n<p><i>Stk. 3<\/i>. Indkaldelse sker som ved ordin\u00e6r generalforsamling.<\/p>\n<p><b>\u00a7 6 Foreningens daglige ledelse<\/b><\/p>\n<p><i>Stk. 1.\u00a0 <\/i>Foreningens daglige ledelse udg\u00f8res af bestyrelsen, der best\u00e5r af 5 medlemmer og 1 suppleanter. Bestyrelsen v\u00e6lges af generalforsamlingen for en to-\u00e5rig periode, s\u00e5ledes at der hvert \u00e5r v\u00e6lges henholdsvis to og tre bestyrelsesmedlemmer samt en suppleant.<br \/>\nI lige \u00e5r v\u00e6lges formand, to almindelige medlemmer samt revisorsuppleant<\/p>\n<p>I ulige \u00e5r v\u00e6lges n\u00e6stformand, kasserer, et almindeligt medlem, revisor samt en suppleant.<\/p>\n<p><i>Stk. 2.\u00a0 <\/i>Bestyrelsen leder foreningen i overensstemmelse med disse vedt\u00e6gter og generalforsamlingens beslutninger.<\/p>\n<p><i>Stk. 3. <\/i>Senest 1 m\u00e5ned efter nyvalg til bestyrelsen afholder bestyrelsen m\u00f8de.<\/p>\n<p><i>Stk. 4. <\/i>Bestyrelsen fasts\u00e6tter i \u00f8vrigt selv sin forretningsorden. Den kan neds\u00e6tte underudvalg og arbejdsgrupper til varetagelse af afgr\u00e6nsede opgaver.<\/p>\n<p><i>Stk. 5.\u00a0 <\/i>Formanden \u2013 og i dennes frav\u00e6r n\u00e6stformanden \u2013 indkalder og leder bestyrelsens m\u00f8der. Indkaldelse sker skriftligt med angivelse af dagsorden, n\u00e5r formanden sk\u00f8nner det n\u00f8dvendigt, eller mindst tre medlemmer af bestyrelsen frems\u00e6tter \u00f8nsker om det over for formanden. I s\u00e5danne tilf\u00e6lde afholdes m\u00f8det senest 2 uger efter anmodningen er kommet til formandens kendskab.<\/p>\n<p><i>Stk. 6.\u00a0 <\/i>Bestyrelsen er beslutningsdygtig, n\u00e5r mindst 3 bestyrelsesmedlemmer er til stede.<\/p>\n<p><b>\u00a7 7 \u00d8konomi, regnskab og revision<\/b><\/p>\n<p><i>Stk. 1.\u00a0 <\/i>Foreningens regnskabs\u00e5r f\u00f8lger kalender\u00e5ret.<\/p>\n<p><i>Stk. 2.\u00a0 <\/i>Bestyrelsen er ansvarlig over for generalforsamlingen for budget og regnskab.<\/p>\n<p><i>Stk. 3.<\/i> \u00a0 Foreningens regnskab f\u00f8res af kassereren, der tillige f\u00f8rer foreningens medlemsregister.<\/p>\n<p><i>Stk. 4.\u00a0 <\/i>Regnskabet revideres af den p\u00e5 generalforsamlingen valgte revisor.<\/p>\n<p><b>\u00a7 8<\/b> <b>Tegningsregler og h\u00e6ftelse<\/b><\/p>\n<p><i>Stk. 1.\u00a0 <\/i>Foreningen tegnes udadtil ved underskrift af formanden og mindst \u00e9t bestyrelsesmedlem i foreningen. Ved optagelse af l\u00e5n og ved salg\/pants\u00e6tning af fast ejendom tegnes foreningens af den samlede bestyrelse.<\/p>\n<p><i>Stk. 2.\u00a0 <\/i>Der p\u00e5hviler ikke foreningens medlemmer nogen personlig h\u00e6ftelse for de forpligtelser, der p\u00e5hviler foreningen.<\/p>\n<p><i>Stk. 3.<\/i> Bestyrelsen kan meddele prokura (fuldmagt, givet til at handle p\u00e5 klubbens vegne).<\/p>\n<p><b>\u00a7 9 Vedt\u00e6gts\u00e6ndringer<\/b><\/p>\n<p><i>Stk. 1.\u00a0 <\/i>Disse vedt\u00e6gter kan kun \u00e6ndres med 2\/3 flertal p\u00e5 en generalforsamling, hvor \u00e6ndringsforslaget fremg\u00e5r af dagsordenen.<\/p>\n<p><i>Stk. 2.\u00a0 <\/i>Vedt\u00e6gts\u00e6ndringer tr\u00e6der i kraft med virkning fra den generalforsamling, de vedtages p\u00e5.<\/p>\n<p><b>\u00a7 10 Opl\u00f8sning<\/b><\/p>\n<p><i>Stk. 1.\u00a0 <\/i>Opl\u00f8sning af foreningen kan kun finde sted med 2\/3 flertal p\u00e5 to p\u00e5 hinanden f\u00f8lgende generalforsamlinger, hvoraf den ene skal v\u00e6re ordin\u00e6r.<\/p>\n<p><i>Stk. 2.<\/i>\u00a0 Ved opl\u00f8sning tilfalder foreningens aktiver almennyttige form\u00e5l i N\u00e6stved kommune der tjener karatesporten.<\/p>\n<p><b>\u00a7 11 Datering<\/b><\/p>\n<p><i>Stk. 1.\u00a0 <\/i>S\u00e5ledes vedtaget p\u00e5 foreningens generalforsamling den 17. marts 2018<\/p>\n<p>[\/vc_column_text][\/vc_column][\/vc_row]<\/p>\n<\/div>","protected":false},"excerpt":{"rendered":"<p>[vc_row][vc_column icons_position=&#8221;left&#8221;][vc_column_text] Vedt\u00e6gter for Br\u00f8derup Karate Klub \u00a7 1 Foreningens navn og hjemsted Stk. 1.\u00a0 Foreningens navn er Br\u00f8derup Karate Klub. Stk. 2.\u00a0 Foreningens hjemsted er N\u00e6stved Kommune. \u00a7 2 Form\u00e5l Stk. 1.\u00a0 Foreningens form\u00e5l er at undervise b\u00f8rn og voksne i Okinawa Jundokan Goju Ryu Karate, og dermed skabe et nyt samlingspunkt i Br\u00f8derup. Klubben l\u00e6gger i undervisningen stor&hellip;<\/p>\n","protected":false},"author":1,"featured_media":0,"parent":0,"menu_order":0,"comment_status":"closed","ping_status":"closed","template":"","meta":{"_price":"","_stock":"","_tribe_ticket_header":"","_tribe_default_ticket_provider":"","_tribe_ticket_capacity":"0","_ticket_start_date":"","_ticket_end_date":"","_tribe_ticket_show_description":"","_tribe_ticket_show_not_going":false,"_tribe_ticket_use_global_stock":"","_tribe_ticket_global_stock_level":"","_global_stock_mode":"","_global_stock_cap":"","_tribe_rsvp_for_event":"","_tribe_ticket_going_count":"","_tribe_ticket_not_going_count":"","_tribe_tickets_list":"[]","_tribe_ticket_has_attendee_info_fields":false,"footnotes":"","_tec_slr_enabled":"","_tec_slr_layout":""},"class_list":["post-3039","page","type-page","status-publish","hentry"],"ticketed":false,"_links":{"self":[{"href":"http:\/\/broederupkarate.dk\/index.php\/wp-json\/wp\/v2\/pages\/3039","targetHints":{"allow":["GET"]}}],"collection":[{"href":"http:\/\/broederupkarate.dk\/index.php\/wp-json\/wp\/v2\/pages"}],"about":[{"href":"http:\/\/broederupkarate.dk\/index.php\/wp-json\/wp\/v2\/types\/page"}],"author":[{"embeddable":true,"href":"http:\/\/broederupkarate.dk\/index.php\/wp-json\/wp\/v2\/users\/1"}],"replies":[{"embeddable":true,"href":"http:\/\/broederupkarate.dk\/index.php\/wp-json\/wp\/v2\/comments?post=3039"}],"version-history":[{"count":0,"href":"http:\/\/broederupkarate.dk\/index.php\/wp-json\/wp\/v2\/pages\/3039\/revisions"}],"wp:attachment":[{"href":"http:\/\/broederupkarate.dk\/index.php\/wp-json\/wp\/v2\/media?parent=3039"}],"curies":[{"name":"wp","href":"https:\/\/api.w.org\/{rel}","templated":true}]}}