{"id":2906,"date":"2024-02-24T22:17:14","date_gmt":"2024-02-24T21:17:14","guid":{"rendered":"https:\/\/broederupkarate.dk\/?page_id=2906"},"modified":"2024-03-05T03:19:51","modified_gmt":"2024-03-05T02:19:51","slug":"dragter-tilbehoer","status":"publish","type":"page","link":"http:\/\/broederupkarate.dk\/index.php\/dragter-tilbehoer\/","title":{"rendered":"Dragt (Gi) og tilbeh\u00f8r"},"content":{"rendered":"<div class=\"wpb-content-wrapper\"><p>[vc_row][vc_column icons_position=&#8221;left&#8221;][vc_column_text]Inden du skal til din f\u00f8rste graduering skal du have en gi og et gi m\u00e6rke, som herefter bruges til tr\u00e6ningen.<\/p>\n<p>Du har mulighed for at bestille gi, gi m\u00e6rke, handsker og tandbeskytter hos din tr\u00e6ner.<\/p>\n<p>Efter det f\u00f8rste halve \u00e5rs tr\u00e6ning vil det v\u00e6re en god ide at f\u00e5 dine egne handsker samt tandbeskytter.<\/p>\n<p><em>Handsker kan dog l\u00e5nes i klubben til at starte med\u00a0<\/em><\/p>\n<p><strong>K\u00f8bes gennem klubben<\/strong><\/p>\n<p><strong>En god empi karate begynder-gi Pris: 300 Kr.<br \/>\nKlub Gi m\u00e6rke (sy selv) Pris: 50 Kr.<br \/>\nHandsker\/tandbeskytter s\u00e6t (R\u00f8d, bl\u00e5 eller hvid) Pris: 350 Kr.<\/strong><\/p>\n<p><strong>Tr\u00e6ningst\u00f8j, tasker m.m. kan k\u00f8bes gennem SJEB Industrivej 72, 4683 R\u00f8nnede<br \/>\nBestil evt online via dette link <a href=\"https:\/\/b2b.sjeb.dk\/account\/login\">https:\/\/b2b.sjeb.dk\/account\/login<\/a><br \/>\nBrugernavn og kodeord kan f\u00e5s af Sempai Brian<\/strong>[\/vc_column_text][\/vc_column][\/vc_row]<\/p>\n<\/div>","protected":false},"excerpt":{"rendered":"<p>[vc_row][vc_column icons_position=&#8221;left&#8221;][vc_column_text]Inden du skal til din f\u00f8rste graduering skal du have en gi og et gi m\u00e6rke, som herefter bruges til tr\u00e6ningen. Du har mulighed for at bestille gi, gi m\u00e6rke, handsker og tandbeskytter hos din tr\u00e6ner. Efter det f\u00f8rste halve \u00e5rs tr\u00e6ning vil det v\u00e6re en god ide at f\u00e5 dine egne handsker samt tandbeskytter. Handsker kan dog l\u00e5nes&hellip;<\/p>\n","protected":false},"author":1,"featured_media":0,"parent":0,"menu_order":0,"comment_status":"closed","ping_status":"closed","template":"","meta":{"_price":"","_stock":"","_tribe_ticket_header":"","_tribe_default_ticket_provider":"","_tribe_ticket_capacity":"0","_ticket_start_date":"","_ticket_end_date":"","_tribe_ticket_show_description":"","_tribe_ticket_show_not_going":false,"_tribe_ticket_use_global_stock":"","_tribe_ticket_global_stock_level":"","_global_stock_mode":"","_global_stock_cap":"","_tribe_rsvp_for_event":"","_tribe_ticket_going_count":"","_tribe_ticket_not_going_count":"","_tribe_tickets_list":"[]","_tribe_ticket_has_attendee_info_fields":false,"footnotes":"","_tec_slr_enabled":"","_tec_slr_layout":""},"class_list":["post-2906","page","type-page","status-publish","hentry"],"ticketed":false,"_links":{"self":[{"href":"http:\/\/broederupkarate.dk\/index.php\/wp-json\/wp\/v2\/pages\/2906","targetHints":{"allow":["GET"]}}],"collection":[{"href":"http:\/\/broederupkarate.dk\/index.php\/wp-json\/wp\/v2\/pages"}],"about":[{"href":"http:\/\/broederupkarate.dk\/index.php\/wp-json\/wp\/v2\/types\/page"}],"author":[{"embeddable":true,"href":"http:\/\/broederupkarate.dk\/index.php\/wp-json\/wp\/v2\/users\/1"}],"replies":[{"embeddable":true,"href":"http:\/\/broederupkarate.dk\/index.php\/wp-json\/wp\/v2\/comments?post=2906"}],"version-history":[{"count":0,"href":"http:\/\/broederupkarate.dk\/index.php\/wp-json\/wp\/v2\/pages\/2906\/revisions"}],"wp:attachment":[{"href":"http:\/\/broederupkarate.dk\/index.php\/wp-json\/wp\/v2\/media?parent=2906"}],"curies":[{"name":"wp","href":"https:\/\/api.w.org\/{rel}","templated":true}]}}