{"id":2879,"date":"2024-02-24T20:47:56","date_gmt":"2024-02-24T19:47:56","guid":{"rendered":"https:\/\/broederupkarate.dk\/?page_id=2879"},"modified":"2024-03-03T12:27:44","modified_gmt":"2024-03-03T11:27:44","slug":"dojo-regler","status":"publish","type":"page","link":"http:\/\/broederupkarate.dk\/index.php\/dojo-regler\/","title":{"rendered":"Dojo-regler"},"content":{"rendered":"<div class=\"wpb-content-wrapper\"><p>[vc_row][vc_column icons_position=&#8221;left&#8221;][vc_column_text]<\/p>\n<p style=\"text-align: center;\"><strong>REGLER I DOJOEN<\/strong><\/p>\n<p style=\"text-align: center;\">DER SKAL B\u00c6RES FULD GI &amp; B\u00c6LTE<\/p>\n<p style=\"text-align: center;\">DER M\u00c5 IKKE B\u00c6RES SMYKKER &amp; URE<\/p>\n<p style=\"text-align: center;\">DER M\u00c5 IKKE B\u00c6RES SKO I DOJOEN (S\u00c6RLIGE SKO UNDTAGET)<\/p>\n<p style=\"text-align: center;\">DER M\u00c5 IKKE SPISES I DOJOEN<\/p>\n<p style=\"text-align: center;\">M\u00d8D ALTID VELSOIGNERET \u2013 KORTKLIPPET NEGLE<\/p>\n<p style=\"text-align: center;\">VED INDTR\u00c6DEN I DOJOEN HILSES MED ET OSS OG ET BUK<\/p>\n<p style=\"text-align: center;\">MAN HILSER ALTID P\u00c5 INSTRUKT\u00d8RER OG SORTB\u00c6LTER MED ET OSS<\/p>\n<p style=\"text-align: center;\">\u2014\u2014\u2014\u2014\u2014\u2014\u2014\u2014\u2014\u2014<\/p>\n<p style=\"text-align: center;\">VED TIMENS START STILLER ALLE SIG P\u00c5 EN R\u00c6KKE<\/p>\n<p style=\"text-align: center;\">H\u00d8JSTGRADUEREDE ST\u00c5R F\u00d8RST I R\u00c6KKEN<\/p>\n<p style=\"text-align: center;\">VED KOMANDOEN SEIZA S\u00c6TTER MAN SIG<\/p>\n<p style=\"text-align: center;\">VED &#8220;MOKUSO&#8221; LUKKES \u00d8JENE<\/p>\n<p style=\"text-align: center;\">VED &#8220;MOKUSO YAME&#8221; \u00c5BNES DE IGEN<\/p>\n<p style=\"text-align: center;\">VED &#8220;SHINDEN NI REI&#8221; BUKKES FOR FLAGET\/SHINDEN<\/p>\n<p style=\"text-align: center;\">DER BUKKES FOR INSTRUKT\u00d8R MED &#8220;ONEGAI SHIMASU&#8221;<\/p>\n<p style=\"text-align: center;\">&#8220;TATSU&#8221; MAN REJSER SIG OP<\/p>\n<p style=\"text-align: center;\">VED TIMENS AFSLUTNING GENTAGES RITUALET<\/p>\n<p style=\"text-align: center;\">MAN BUKKER AF MED &#8220;ARIGATO GOZAIMASU&#8221;<\/p>\n<p>[\/vc_column_text][\/vc_column][\/vc_row][vc_row][vc_column][vc_column_text]<\/p>\n<p>[\/vc_column_text][\/vc_column][\/vc_row]<\/p>\n<\/div>","protected":false},"excerpt":{"rendered":"<p>[vc_row][vc_column icons_position=&#8221;left&#8221;][vc_column_text] REGLER I DOJOEN DER SKAL B\u00c6RES FULD GI &amp; B\u00c6LTE DER M\u00c5 IKKE B\u00c6RES SMYKKER &amp; URE DER M\u00c5 IKKE B\u00c6RES SKO I DOJOEN (S\u00c6RLIGE SKO UNDTAGET) DER M\u00c5 IKKE SPISES I DOJOEN M\u00d8D ALTID VELSOIGNERET \u2013 KORTKLIPPET NEGLE VED INDTR\u00c6DEN I DOJOEN HILSES MED ET OSS OG ET BUK MAN HILSER ALTID P\u00c5 INSTRUKT\u00d8RER OG SORTB\u00c6LTER MED&hellip;<\/p>\n","protected":false},"author":1,"featured_media":0,"parent":0,"menu_order":0,"comment_status":"closed","ping_status":"closed","template":"","meta":{"_price":"","_stock":"","_tribe_ticket_header":"","_tribe_default_ticket_provider":"","_tribe_ticket_capacity":"0","_ticket_start_date":"","_ticket_end_date":"","_tribe_ticket_show_description":"","_tribe_ticket_show_not_going":false,"_tribe_ticket_use_global_stock":"","_tribe_ticket_global_stock_level":"","_global_stock_mode":"","_global_stock_cap":"","_tribe_rsvp_for_event":"","_tribe_ticket_going_count":"","_tribe_ticket_not_going_count":"","_tribe_tickets_list":"[]","_tribe_ticket_has_attendee_info_fields":false,"footnotes":"","_tec_slr_enabled":"","_tec_slr_layout":""},"class_list":["post-2879","page","type-page","status-publish","hentry"],"ticketed":false,"_links":{"self":[{"href":"http:\/\/broederupkarate.dk\/index.php\/wp-json\/wp\/v2\/pages\/2879","targetHints":{"allow":["GET"]}}],"collection":[{"href":"http:\/\/broederupkarate.dk\/index.php\/wp-json\/wp\/v2\/pages"}],"about":[{"href":"http:\/\/broederupkarate.dk\/index.php\/wp-json\/wp\/v2\/types\/page"}],"author":[{"embeddable":true,"href":"http:\/\/broederupkarate.dk\/index.php\/wp-json\/wp\/v2\/users\/1"}],"replies":[{"embeddable":true,"href":"http:\/\/broederupkarate.dk\/index.php\/wp-json\/wp\/v2\/comments?post=2879"}],"version-history":[{"count":0,"href":"http:\/\/broederupkarate.dk\/index.php\/wp-json\/wp\/v2\/pages\/2879\/revisions"}],"wp:attachment":[{"href":"http:\/\/broederupkarate.dk\/index.php\/wp-json\/wp\/v2\/media?parent=2879"}],"curies":[{"name":"wp","href":"https:\/\/api.w.org\/{rel}","templated":true}]}}