{"id":2874,"date":"2024-02-24T20:41:24","date_gmt":"2024-02-24T19:41:24","guid":{"rendered":"https:\/\/broederupkarate.dk\/?page_id=2874"},"modified":"2024-03-02T20:14:31","modified_gmt":"2024-03-02T19:14:31","slug":"jundokan-filosofi","status":"publish","type":"page","link":"http:\/\/broederupkarate.dk\/index.php\/jundokan-filosofi\/","title":{"rendered":"Jundokan Filosofi"},"content":{"rendered":"<div class=\"wpb-content-wrapper\"><p>[vc_row][vc_column width=&#8221;1\/2&#8243; icons_position=&#8221;left&#8221;][vc_column_text]<\/p>\n<p style=\"text-align: center;\"><strong>THE KEMPO HAKKU<\/strong><\/p>\n<p style=\"text-align: center;\"><em>GOJU RYUS 8 BUD.<\/em><\/p>\n<p style=\"text-align: center;\">Sindet best\u00e5r af himmel og jord.<\/p>\n<p style=\"text-align: center;\">Kroppens cyklus er den samme som solen og m\u00e5nens.<\/p>\n<p style=\"text-align: center;\">B\u00e5de ind\u00e5nding og ud\u00e5nding er h\u00e5rdt og bl\u00f8dt.<\/p>\n<p style=\"text-align: center;\">Lev i overensstemmelse med tid og forandringer.<\/p>\n<p style=\"text-align: center;\">Teknik opst\u00e5r n\u00e5r bevistheden er frav\u00e6rende.<\/p>\n<p style=\"text-align: center;\">F\u00f8dder skal g\u00e5 frem og tilbage, adskilles og m\u00f8des.<\/p>\n<p style=\"text-align: center;\">\u00d8jnene bem\u00e6rker selv den mindste forandring.<\/p>\n<p style=\"text-align: center;\">\u00d8rene lytter opm\u00e6rksomt i alle retninger.<\/p>\n<p style=\"text-align: center;\">\u201cBubishi\u201d<\/p>\n<p>[\/vc_column_text][\/vc_column][vc_column width=&#8221;1\/2&#8243;][vc_column_text]<\/p>\n<p style=\"text-align: center;\"><strong>DOJO KUN<\/strong><\/p>\n<p style=\"text-align: center;\"><em>HITOTSU.<\/em><\/p>\n<p style=\"text-align: center;\">V\u00e6r beskeden og venlig.<\/p>\n<p style=\"text-align: center;\">Tr\u00e6n og bet\u00e6nk din fysiske styrke.<\/p>\n<p style=\"text-align: center;\">\u00d8v \u00e5benhjerteligt med kreativitet.<\/p>\n<p style=\"text-align: center;\">V\u00e6r rolig og hurtig.<\/p>\n<p style=\"text-align: center;\">Tag hensyn til dit helbred.<\/p>\n<p style=\"text-align: center;\">Lev et enkelt liv.<\/p>\n<p style=\"text-align: center;\">V\u00e6r ikke for stolt eller beskeden.<\/p>\n<p style=\"text-align: center;\">Forts\u00e6t din tr\u00e6ning med t\u00e5lmodighed.<\/p>\n<p>[\/vc_column_text][\/vc_column][\/vc_row][vc_row][vc_column][vc_column_text]<\/p>\n<p>[\/vc_column_text][\/vc_column][\/vc_row]<\/p>\n<\/div>","protected":false},"excerpt":{"rendered":"<p>[vc_row][vc_column width=&#8221;1\/2&#8243; icons_position=&#8221;left&#8221;][vc_column_text] THE KEMPO HAKKU GOJU RYUS 8 BUD. Sindet best\u00e5r af himmel og jord. Kroppens cyklus er den samme som solen og m\u00e5nens. B\u00e5de ind\u00e5nding og ud\u00e5nding er h\u00e5rdt og bl\u00f8dt. Lev i overensstemmelse med tid og forandringer. Teknik opst\u00e5r n\u00e5r bevistheden er frav\u00e6rende. F\u00f8dder skal g\u00e5 frem og tilbage, adskilles og m\u00f8des. \u00d8jnene bem\u00e6rker selv den mindste&hellip;<\/p>\n","protected":false},"author":1,"featured_media":0,"parent":0,"menu_order":0,"comment_status":"closed","ping_status":"closed","template":"","meta":{"_price":"","_stock":"","_tribe_ticket_header":"","_tribe_default_ticket_provider":"","_tribe_ticket_capacity":"0","_ticket_start_date":"","_ticket_end_date":"","_tribe_ticket_show_description":"","_tribe_ticket_show_not_going":false,"_tribe_ticket_use_global_stock":"","_tribe_ticket_global_stock_level":"","_global_stock_mode":"","_global_stock_cap":"","_tribe_rsvp_for_event":"","_tribe_ticket_going_count":"","_tribe_ticket_not_going_count":"","_tribe_tickets_list":"[]","_tribe_ticket_has_attendee_info_fields":false,"footnotes":"","_tec_slr_enabled":"","_tec_slr_layout":""},"class_list":["post-2874","page","type-page","status-publish","hentry"],"ticketed":false,"_links":{"self":[{"href":"http:\/\/broederupkarate.dk\/index.php\/wp-json\/wp\/v2\/pages\/2874","targetHints":{"allow":["GET"]}}],"collection":[{"href":"http:\/\/broederupkarate.dk\/index.php\/wp-json\/wp\/v2\/pages"}],"about":[{"href":"http:\/\/broederupkarate.dk\/index.php\/wp-json\/wp\/v2\/types\/page"}],"author":[{"embeddable":true,"href":"http:\/\/broederupkarate.dk\/index.php\/wp-json\/wp\/v2\/users\/1"}],"replies":[{"embeddable":true,"href":"http:\/\/broederupkarate.dk\/index.php\/wp-json\/wp\/v2\/comments?post=2874"}],"version-history":[{"count":0,"href":"http:\/\/broederupkarate.dk\/index.php\/wp-json\/wp\/v2\/pages\/2874\/revisions"}],"wp:attachment":[{"href":"http:\/\/broederupkarate.dk\/index.php\/wp-json\/wp\/v2\/media?parent=2874"}],"curies":[{"name":"wp","href":"https:\/\/api.w.org\/{rel}","templated":true}]}}